{"id":298,"date":"2022-09-20T00:52:08","date_gmt":"2022-09-20T00:52:08","guid":{"rendered":"https:\/\/www.consermuca.edu.ve\/demo\/?page_id=298"},"modified":"2026-03-31T16:23:30","modified_gmt":"2026-03-31T16:23:30","slug":"efemerides","status":"publish","type":"page","link":"https:\/\/www.consermuca.edu.ve\/conservatorio-de-musica-de-carabobo\/efemerides\/","title":{"rendered":"Efem\u00e9rides"},"content":{"rendered":"<p>[et_pb_section fb_built=\u00bb1&#8243; fullwidth=\u00bbon\u00bb admin_label=\u00bbHero\u00bb _builder_version=\u00bb4.16&#8243; use_background_color_gradient=\u00bbon\u00bb background_color_gradient_direction=\u00bb90deg\u00bb background_color_gradient_stops=\u00bb#eeeff2 33%|rgba(238,239,242,0) 52%\u00bb background_color_gradient_overlays_image=\u00bbon\u00bb background_color_gradient_start=\u00bb#eeeff2&#8243; background_color_gradient_start_position=\u00bb33%\u00bb background_color_gradient_end=\u00bbrgba(238,239,242,0)\u00bb background_color_gradient_end_position=\u00bb52%\u00bb background_image=\u00bbhttps:\/\/www.consermuca.edu.ve\/demo\/wp-content\/uploads\/2022\/09\/Franz_Liszt_Museum_-_Klavier__c__budapestinfo.hu_.jpg\u00bb global_colors_info=\u00bb{}\u00bb][et_pb_fullwidth_header subhead=\u00bbCuriosidades Musicales\u00bb button_one_url=\u00bbhttps:\/\/wa.me\/message\/EL23DXQKXRDPI1&#8243; content_max_width=\u00bb600px\u00bb _builder_version=\u00bb4.16&#8243; title_font=\u00bbRubik|700||on|||||\u00bb title_text_color=\u00bb#ff7355&#8243; title_font_size=\u00bb16px\u00bb title_letter_spacing=\u00bb5px\u00bb title_line_height=\u00bb0.5em\u00bb content_font=\u00bbRubik||||||||\u00bb content_font_size=\u00bb18px\u00bb subhead_font=\u00bbRubik|700|||||||\u00bb subhead_text_color=\u00bbrgba(0,0,0,0.8)\u00bb subhead_font_size=\u00bb50px\u00bb subhead_line_height=\u00bb1.5em\u00bb background_color=\u00bbrgba(255,255,255,0)\u00bb use_background_color_gradient=\u00bbon\u00bb background_color_gradient_stops=\u00bbrgba(255,255,255,0) 50%|rgba(255,255,255,0.7) 100%\u00bb background_color_gradient_start=\u00bbrgba(255,255,255,0)\u00bb background_color_gradient_start_position=\u00bb50%\u00bb background_color_gradient_end=\u00bbrgba(255,255,255,0.7)\u00bb background_size=\u00bbcontain\u00bb background_position=\u00bbbottom_center\u00bb custom_button_one=\u00bbon\u00bb button_one_text_size=\u00bb16px\u00bb button_one_text_color=\u00bb#ffffff\u00bb button_one_bg_color=\u00bb#ff7355&#8243; button_one_border_width=\u00bb15px\u00bb button_one_border_color=\u00bbrgba(210,159,104,0)\u00bb button_one_border_radius=\u00bb100px\u00bb button_one_letter_spacing=\u00bb0px\u00bb button_one_font=\u00bbRubik|700|||||||\u00bb button_one_use_icon=\u00bboff\u00bb custom_button_two=\u00bbon\u00bb button_two_text_size=\u00bb16px\u00bb button_two_text_color=\u00bb#ffffff\u00bb button_two_bg_color=\u00bbrgba(0,0,0,0.6)\u00bb button_two_border_width=\u00bb15px\u00bb button_two_border_color=\u00bbrgba(210,159,104,0)\u00bb button_two_border_radius=\u00bb100px\u00bb button_two_letter_spacing=\u00bb0px\u00bb button_two_font=\u00bbRubik|700|||||||\u00bb button_two_use_icon=\u00bboff\u00bb background_layout=\u00bblight\u00bb max_width_last_edited=\u00bboff|desktop\u00bb module_alignment=\u00bbcenter\u00bb custom_margin=\u00bb|||\u00bb custom_padding=\u00bb8vw||4vw|\u00bb subhead_font_size_tablet=\u00bb\u00bb subhead_font_size_phone=\u00bb30px\u00bb subhead_font_size_last_edited=\u00bbon|phone\u00bb button_one_border_radius_hover=\u00bb100px\u00bb button_two_border_radius_hover=\u00bb100px\u00bb button_one_bg_color_hover=\u00bb#ff8a70&#8243; button_two_bg_color_hover=\u00bb#ff8a70&#8243; global_colors_info=\u00bb{}\u00bb button_one_text_size__hover_enabled=\u00bboff\u00bb button_two_text_size__hover_enabled=\u00bboff\u00bb button_one_text_color__hover_enabled=\u00bboff\u00bb button_two_text_color__hover_enabled=\u00bboff\u00bb button_one_border_width__hover_enabled=\u00bboff\u00bb button_two_border_width__hover_enabled=\u00bboff\u00bb button_one_border_color__hover_enabled=\u00bboff\u00bb button_two_border_color__hover_enabled=\u00bboff\u00bb button_one_border_radius__hover_enabled=\u00bbon\u00bb button_one_border_radius__hover=\u00bb100px\u00bb button_two_border_radius__hover_enabled=\u00bbon\u00bb button_two_border_radius__hover=\u00bb100px\u00bb button_one_letter_spacing__hover_enabled=\u00bboff\u00bb button_two_letter_spacing__hover_enabled=\u00bboff\u00bb button_one_bg_color__hover_enabled=\u00bbon\u00bb button_one_bg_color__hover=\u00bb#ff8a70&#8243; button_two_bg_color__hover_enabled=\u00bbon\u00bb button_two_bg_color__hover=\u00bb#ff8a70&#8243;]<\/p>\n<p>Las agrupaciones forman parte de nuestra formaci\u00f3n acad\u00e9mica e integral de los alumnos y futuros profesionales de la m\u00fasica.<\/p>\n<p>[\/et_pb_fullwidth_header][\/et_pb_section][et_pb_section fb_built=\u00bb1&#8243; admin_label=\u00bbStaff\u00bb _builder_version=\u00bb4.16&#8243; custom_padding=\u00bb|||\u00bb global_colors_info=\u00bb{}\u00bb][et_pb_row admin_label=\u00bbTitle Row\u00bb _builder_version=\u00bb4.16&#8243; global_colors_info=\u00bb{}\u00bb][et_pb_column type=\u00bb4_4&#8243; _builder_version=\u00bb4.16&#8243; custom_padding=\u00bb|||\u00bb global_colors_info=\u00bb{}\u00bb custom_padding__hover=\u00bb|||\u00bb][et_pb_text _builder_version=\u00bb4.16&#8243; text_font=\u00bbRubik|500|||||||\u00bb text_font_size=\u00bb16px\u00bb text_line_height=\u00bb2em\u00bb header_font=\u00bb||||||||\u00bb header_2_font=\u00bbRubik|700|||||||\u00bb header_2_font_size=\u00bb40px\u00bb header_2_line_height=\u00bb1.4em\u00bb header_5_font=\u00bbRubik|700||on|||||\u00bb header_5_text_color=\u00bb#2b76df\u00bb header_5_letter_spacing=\u00bb5px\u00bb header_5_line_height=\u00bb1.5em\u00bb text_orientation=\u00bbcenter\u00bb max_width=\u00bb600px\u00bb module_alignment=\u00bbcenter\u00bb text_line_height_last_edited=\u00bboff|desktop\u00bb global_colors_info=\u00bb{}\u00bb]<\/p>\n<h5>Historia de la m\u00fasica<\/h5>\n<h2>Efem\u00e9rides y Curiosidades\u00a0<\/h2>\n<p>&nbsp;<\/p>\n<p>[\/et_pb_text][\/et_pb_column][\/et_pb_row][et_pb_row _builder_version=\u00bb4.16&#8243; global_colors_info=\u00bb{}\u00bb][et_pb_column type=\u00bb4_4&#8243; _builder_version=\u00bb4.16&#8243; custom_padding=\u00bb|||\u00bb global_colors_info=\u00bb{}\u00bb custom_padding__hover=\u00bb|||\u00bb][et_pb_team_member name=\u00bbAbril\u00bb position=\u00bbEfem\u00e9rides\u00bb image_url=\u00bbhttps:\/\/www.consermuca.edu.ve\/conservatorio-de-musica-de-carabobo\/wp-content\/uploads\/2025\/03\/consermuca-20.png\u00bb _builder_version=\u00bb4.27.6&#8243; header_font=\u00bbRubik|500|||||||\u00bb header_text_color=\u00bb#4c5c67&#8243; header_line_height=\u00bb1.7em\u00bb body_font=\u00bbRubik|500|||||||\u00bb body_line_height=\u00bb2em\u00bb animation_style=\u00bbzoom\u00bb animation_intensity_zoom=\u00bb10%\u00bb hover_enabled=\u00bb0&#8243; border_radii_image=\u00bbon|10px|10px|10px|10px\u00bb global_colors_info=\u00bb{}\u00bb sticky_enabled=\u00bb0&#8243;]<\/p>\n<p><span style=\"font-weight: 400;\">El 19 de abril de 1983 el Presidente Luis Herrera Camp\u00edns inaugur\u00f3 el Complejo Cultural \u00abTeresa Carre\u00f1o\u00bb. Para su construcci\u00f3n se hab\u00eda llamado a concurso, habiendo ganado el proyecto presentado por los arquitectos Jes\u00fas Sandoval y Tom\u00e1s Lugo.<\/span><\/p>\n<p><span style=\"font-weight: 400;\">Su origen se remonta al sue\u00f1o del insigne m\u00fasico Pedro Antonio R\u00edos Reyna.<\/span><\/p>\n<p><span style=\"font-weight: 400;\">Abril es un mes tranquilo desde el punto de vista del nacimiento o el fallecimiento de grandes personajes de la historia de la m\u00fasica. Pero es un mes donde se celebra el estreno de muchas grandes obras. Tal vez se deba a que abril en Europa es el mes de inicio de la primavera, cuando las salas de teatro se disponen a realizar los estrenos de la temporada.<\/span><\/p>\n<p><b>El 1 de abril de 1873: nace Sergei Rachmaninov<\/b><\/p>\n<p><span style=\"font-weight: 400;\">Fue reconocido como uno de los grandes pianistas de su tiempo. Se considera tambi\u00e9n, como compositor, el \u00faltimo representante del Romanticismo tard\u00edo ruso. Fue profesor de piano en Rusia, pero abandon\u00f3 esta ocupaci\u00f3n para dedicarse a su carrera como concertista de piano. Cuando estren\u00f3 su primera sinfon\u00eda el p\u00fablico lo recibi\u00f3 de manera tan hostil, incluso con cr\u00edticas negativas de los m\u00e1s famosos compositores rusos, que estuvo cinco a\u00f1os sin componer m\u00e1s nada. Los acontecimientos pol\u00edticos en Rusia lo hicieron trasladarse hasta Estados Unidos, donde vivi\u00f3 hasta su muerte ocurrida en 1943. Como compositor nos dej\u00f3 algunas obras memorables, especialmente sus conciertos para piano y orquesta.<\/span><\/p>\n<p><b>El 22 de abril de 1916 nace Yehudi Menuhin en Nueva York<\/b><\/p>\n<p><span style=\"font-weight: 400;\">Cuando le preguntaban su nacionalidad a Menuhin siempre ten\u00eda problemas porque, aunque hab\u00eda nacido en Nueva York, era de origen ruso, descendiente de jud\u00edos y adem\u00e1s de tener la nacionalidad americana tuvo la nacionalidad inglesa. Fue uno de los grandes violinistas contempor\u00e1neos, ganador de multitud de premios . Fue Presidente del Consejo Musical de la Unesco y adem\u00e1s fue muy activo en causas humanitarias. Falleci\u00f3 n Berl\u00edn en 1999.<\/span><\/p>\n<p><b>El 23 de abril de 1891 nace Sergei Prokofiev<\/b><\/p>\n<p><span style=\"font-weight: 400;\">Fue un talentoso compositor desde muy temprana edad. Tuvo la suerte de estudiar en el Conservatorio de M\u00fasica de Mosc\u00fa con profesores de la talla de Rimsky-Korsakov. Prokofiev hizo su debut como pianista en 1908, y se present\u00f3 desde entonces como un ni\u00f1o terrible y ultra moderno \u2013una imagen que \u00e9l estaba feliz de cultivar. En 1914 se fue a Londres donde escuch\u00f3 la obre de Stravinsky. Al final se radic\u00f3 en Par\u00eds hasta su muerte. Son notorias sus obras el ballet Romeo y Julieta y su composici\u00f3n para ni\u00f1os Pedro y el Lobo.<\/span><\/p>\n<p><b>El 25 de abril de 1918 nace Leonard Bernstein<\/b><\/p>\n<p><span style=\"font-weight: 400;\">Fue el primer director de orquesta de origen estadounidense que alcanz\u00f3 fama mundial. La carrera musical de Bernstein fue muy prol\u00edfica y variada. Fue compositor, pianista y director de orquesta. Todav\u00eda se recuerdan sus programas de televisi\u00f3n dedicados a llevar la m\u00fasica acad\u00e9mica al gran p\u00fablico, especialmente a los j\u00f3venes. Uno de esos programa fue la serie llamada Bernstein-Beethoven, dedicada a este compositor. Una de sus obras que m\u00e1s popularidad alcanz\u00f3 fue la m\u00fasica de West Side Story, m\u00e1s tarde llevada al cine con mucho \u00e9xito.<\/span><\/p>\n<p><b>El 29 de abril de 1936 nace Zubin Mehta<\/b><\/p>\n<p><span style=\"font-weight: 400;\">M\u00fasico de origen hind\u00fa, cre\u00f3 la Orquesta Sinf\u00f3nica de Bombay. Ha sido Director de las orquestas m\u00e1s prestigiosas del mundo, ha obtenido una gran cantidad de premios y menciones honor\u00edficas, entre ellas el Doctorado Honoris Causa de la Universidad de Valencia, Espa\u00f1a.<\/span><\/p>\n<p><span style=\"font-weight: 400;\">Entre los m\u00fasicos fallecidos en el mes de abril debemos mencionar a Johannes Brahms el 3 de abril de 1897, a Igor Stravinsky el 6 de abril de 1971 y a G. F. H\u00e4ndel el 14 de abril de 1759.<\/span><\/p>\n<p><span style=\"font-weight: 400;\">Una menci\u00f3n aparte vamos a hacer con el cantante norteamericano Andy Russell, fallecido el 16 de abril de 1992. Comenz\u00f3 muy joven a cantar con las grandes bandas de jazz de los a\u00f1os 40 del pasado siglo y como ten\u00eda una voz muy agradable logr\u00f3 el \u00e9xito r\u00e1pidamente. Tambi\u00e9n apareci\u00f3 en varias pel\u00edculas de la \u00e9poca. Cuando termina la era de las grandes bandas se vino a M\u00e9xico y trabaj\u00f3 con orquestas de renombre cantando boleros y baladas, pero con el estilo de crooner que hab\u00eda cultivado toda su vida.<\/span><\/p>\n<p>&nbsp;<\/p>\n<p>[\/et_pb_team_member][\/et_pb_column][\/et_pb_row][\/et_pb_section][et_pb_section fb_built=\u00bb1&#8243; background_color_gradient_stops_1=\u00bb#2b87da 0%|#c7cbd4 100%\u00bb background_color_gradient_end_1=\u00bb#c7cbd4&#8243; admin_label=\u00bbPrinciple Quote\u00bb _builder_version=\u00bb4.16&#8243; custom_padding=\u00bb0|0px|0|0px|false|false\u00bb locked=\u00bboff\u00bb global_colors_info=\u00bb{}\u00bb][et_pb_row _builder_version=\u00bb4.16&#8243; _module_preset=\u00bbdefault\u00bb global_colors_info=\u00bb{}\u00bb][et_pb_column type=\u00bb4_4&#8243; _builder_version=\u00bb4.16&#8243; _module_preset=\u00bbdefault\u00bb global_colors_info=\u00bb{}\u00bb][et_pb_cta title=\u00bb\u00bfTienes alguna duda o quieres agregar informaci\u00f3n?\u00bb button_url=\u00bbhttps:\/\/wa.me\/message\/EL23DXQKXRDPI1&#8243; button_text=\u00bbCont\u00e1ctanos\u00bb _builder_version=\u00bb4.16&#8243; _module_preset=\u00bbdefault\u00bb global_colors_info=\u00bb{}\u00bb][\/et_pb_cta][\/et_pb_column][\/et_pb_row][\/et_pb_section]<\/p>\n","protected":false},"excerpt":{"rendered":"<p>Las agrupaciones forman parte de nuestra formaci\u00f3n acad\u00e9mica e integral de los alumnos y futuros profesionales de la m\u00fasica.Historia de la m\u00fasica Efem\u00e9rides y Curiosidades\u00a0 &nbsp;El 19 de abril de 1983 el Presidente Luis Herrera Camp\u00edns inaugur\u00f3 el Complejo Cultural \u00abTeresa Carre\u00f1o\u00bb. Para su construcci\u00f3n se hab\u00eda llamado a concurso, habiendo ganado el proyecto presentado [&hellip;]<\/p>\n","protected":false},"author":2,"featured_media":0,"parent":0,"menu_order":0,"comment_status":"closed","ping_status":"closed","template":"","meta":{"_et_pb_use_builder":"on","_et_pb_old_content":"","_et_gb_content_width":"","footnotes":""},"class_list":["post-298","page","type-page","status-publish","hentry"],"_links":{"self":[{"href":"https:\/\/www.consermuca.edu.ve\/conservatorio-de-musica-de-carabobo\/wp-json\/wp\/v2\/pages\/298","targetHints":{"allow":["GET"]}}],"collection":[{"href":"https:\/\/www.consermuca.edu.ve\/conservatorio-de-musica-de-carabobo\/wp-json\/wp\/v2\/pages"}],"about":[{"href":"https:\/\/www.consermuca.edu.ve\/conservatorio-de-musica-de-carabobo\/wp-json\/wp\/v2\/types\/page"}],"author":[{"embeddable":true,"href":"https:\/\/www.consermuca.edu.ve\/conservatorio-de-musica-de-carabobo\/wp-json\/wp\/v2\/users\/2"}],"replies":[{"embeddable":true,"href":"https:\/\/www.consermuca.edu.ve\/conservatorio-de-musica-de-carabobo\/wp-json\/wp\/v2\/comments?post=298"}],"version-history":[{"count":49,"href":"https:\/\/www.consermuca.edu.ve\/conservatorio-de-musica-de-carabobo\/wp-json\/wp\/v2\/pages\/298\/revisions"}],"predecessor-version":[{"id":1884,"href":"https:\/\/www.consermuca.edu.ve\/conservatorio-de-musica-de-carabobo\/wp-json\/wp\/v2\/pages\/298\/revisions\/1884"}],"wp:attachment":[{"href":"https:\/\/www.consermuca.edu.ve\/conservatorio-de-musica-de-carabobo\/wp-json\/wp\/v2\/media?parent=298"}],"curies":[{"name":"wp","href":"https:\/\/api.w.org\/{rel}","templated":true}]}}