{"id":994,"date":"2024-04-27T15:41:37","date_gmt":"2024-04-27T15:41:37","guid":{"rendered":"https:\/\/www.consermuca.edu.ve\/demo\/?page_id=994"},"modified":"2025-11-11T14:35:37","modified_gmt":"2025-11-11T14:35:37","slug":"noticias-blog-2","status":"publish","type":"page","link":"https:\/\/www.consermuca.edu.ve\/conservatorio-de-musica-de-carabobo\/noticias-blog-2\/","title":{"rendered":"Talento CONSERMUCA"},"content":{"rendered":"<p>[et_pb_section fb_built=\u00bb1&#8243; fullwidth=\u00bbon\u00bb admin_label=\u00bbHeader Section\u00bb _builder_version=\u00bb4.27.4&#8243; background_image=\u00bbhttps:\/\/www.consermuca.edu.ve\/conservatorio-de-musica-de-carabobo\/wp-content\/uploads\/2024\/06\/Talento-CONSERMUCA-scaled.jpg\u00bb custom_padding=\u00bb||302px|||\u00bb top_divider_color=\u00bbrgba(255,255,255,0.3)\u00bb top_divider_height=\u00bb100%\u00bb bottom_divider_height=\u00bb30px\u00bb hover_enabled=\u00bb0&#8243; global_colors_info=\u00bb{}\u00bb title_text=\u00bbTalento CONSERMUCA\u00bb sticky_enabled=\u00bb0&#8243;][\/et_pb_section][et_pb_section fb_built=\u00bb1&#8243; specialty=\u00bbon\u00bb padding_top_2=\u00bb0px\u00bb admin_label=\u00bbBlog\u00bb _builder_version=\u00bb4.16&#8243; custom_margin=\u00bb41px|||||\u00bb global_colors_info=\u00bb{}\u00bb][et_pb_column type=\u00bb2_3&#8243; specialty_columns=\u00bb2&#8243; _builder_version=\u00bb4.16&#8243; custom_padding=\u00bb|||\u00bb global_colors_info=\u00bb{}\u00bb custom_padding__hover=\u00bb|||\u00bb][et_pb_row_inner _builder_version=\u00bb4.24.2&#8243; _module_preset=\u00bbdefault\u00bb global_colors_info=\u00bb{}\u00bb][et_pb_column_inner saved_specialty_column_type=\u00bb2_3&#8243; _builder_version=\u00bb4.24.2&#8243; _module_preset=\u00bbdefault\u00bb global_colors_info=\u00bb{}\u00bb][et_pb_blog posts_number=\u00bb2&#8243; include_categories=\u00bb11&#8243; _builder_version=\u00bb4.24.2&#8243; _module_preset=\u00bbdefault\u00bb global_colors_info=\u00bb{}\u00bb][\/et_pb_blog][\/et_pb_column_inner][\/et_pb_row_inner][et_pb_row_inner _builder_version=\u00bb4.24.2&#8243; _module_preset=\u00bbdefault\u00bb global_colors_info=\u00bb{}\u00bb][et_pb_column_inner saved_specialty_column_type=\u00bb2_3&#8243; _builder_version=\u00bb4.24.2&#8243; _module_preset=\u00bbdefault\u00bb hover_enabled=\u00bb0&#8243; global_colors_info=\u00bb{}\u00bb sticky_enabled=\u00bb0&#8243;][et_pb_video src=\u00bbhttps:\/\/www.youtube.com\/watch?v=Ezi3bXxQbLo\u00bb _builder_version=\u00bb4.27.4&#8243; _module_preset=\u00bbdefault\u00bb hover_enabled=\u00bb0&#8243; sticky_enabled=\u00bb0&#8243;][\/et_pb_video][\/et_pb_column_inner][\/et_pb_row_inner][et_pb_row_inner _builder_version=\u00bb4.24.2&#8243; _module_preset=\u00bbdefault\u00bb global_colors_info=\u00bb{}\u00bb][et_pb_column_inner saved_specialty_column_type=\u00bb2_3&#8243; _builder_version=\u00bb4.24.2&#8243; _module_preset=\u00bbdefault\u00bb global_colors_info=\u00bb{}\u00bb][et_pb_video src=\u00bbhttps:\/\/www.youtube.com\/watch?v=8KQiJ17HQjA&#038;t=70s\u00bb _builder_version=\u00bb4.24.2&#8243; _module_preset=\u00bbdefault\u00bb global_colors_info=\u00bb{}\u00bb][\/et_pb_video][et_pb_video src=\u00bbhttps:\/\/www.youtube.com\/watch?v=Nmf-8BWJ0p0&#8243; _builder_version=\u00bb4.24.2&#8243; _module_preset=\u00bbdefault\u00bb global_colors_info=\u00bb{}\u00bb][\/et_pb_video][\/et_pb_column_inner][\/et_pb_row_inner][et_pb_row_inner _builder_version=\u00bb4.24.2&#8243; _module_preset=\u00bbdefault\u00bb global_colors_info=\u00bb{}\u00bb][et_pb_column_inner saved_specialty_column_type=\u00bb2_3&#8243; _builder_version=\u00bb4.24.2&#8243; _module_preset=\u00bbdefault\u00bb global_colors_info=\u00bb{}\u00bb][et_pb_video src=\u00bbhttps:\/\/youtu.be\/2qcmeIs2nvM\u00bb _builder_version=\u00bb4.24.2&#8243; _module_preset=\u00bbdefault\u00bb global_colors_info=\u00bb{}\u00bb][\/et_pb_video][\/et_pb_column_inner][\/et_pb_row_inner][\/et_pb_column][et_pb_column type=\u00bb1_3&#8243; _builder_version=\u00bb4.16&#8243; custom_padding=\u00bb|||\u00bb global_colors_info=\u00bb{}\u00bb custom_padding__hover=\u00bb|||\u00bb][et_pb_social_media_follow _builder_version=\u00bb4.16&#8243; text_orientation=\u00bbcenter\u00bb border_radii=\u00bbon|34px|34px|34px|34px\u00bb locked=\u00bboff\u00bb global_colors_info=\u00bb{}\u00bb][et_pb_social_media_follow_network social_network=\u00bbfacebook\u00bb url=\u00bbhttps:\/\/www.facebook.com\/consermucaoficial.estadocarabobovenezuela\u00bb _builder_version=\u00bb4.16&#8243; background_color=\u00bb#3b5998&#8243; custom_padding=\u00bb6px|6px|6px|6px|true|true\u00bb border_radii=\u00bbon|10px|10px|10px|10px\u00bb global_colors_info=\u00bb{}\u00bb follow_button=\u00bboff\u00bb url_new_window=\u00bbon\u00bb]facebook[\/et_pb_social_media_follow_network][et_pb_social_media_follow_network social_network=\u00bbtwitter\u00bb url=\u00bbhttps:\/\/twitter.com\/consermucacmc\u00bb _builder_version=\u00bb4.22.2&#8243; background_color=\u00bb#000000&#8243; custom_padding=\u00bb6px|6px|6px|6px|true|true\u00bb border_radii=\u00bbon|10px|10px|10px|10px\u00bb global_colors_info=\u00bb{}\u00bb follow_button=\u00bboff\u00bb url_new_window=\u00bbon\u00bb]twitter[\/et_pb_social_media_follow_network][et_pb_social_media_follow_network social_network=\u00bbyoutube\u00bb url=\u00bbhttps:\/\/www.youtube.com\/channel\/UCS7shShELPNUtK3ena7mkZQ\u00bb _builder_version=\u00bb4.16&#8243; background_color=\u00bb#a82400&#8243; custom_padding=\u00bb6px|6px|6px|6px|true|true\u00bb border_radii=\u00bbon|10px|10px|10px|10px\u00bb global_colors_info=\u00bb{}\u00bb follow_button=\u00bboff\u00bb url_new_window=\u00bbon\u00bb]youtube[\/et_pb_social_media_follow_network][\/et_pb_social_media_follow][et_pb_cta title=\u00bbSUSCRIBIRTE A NUESTRO BOLETIN \u00bb button_url=\u00bbhttps:\/\/forms.gle\/Bvf7JvejaRpwhRqh6&#8243; button_text=\u00bbUNIRME \u00bb _builder_version=\u00bb4.24.2&#8243; _module_preset=\u00bbdefault\u00bb background_color=\u00bb#009f3c\u00bb custom_button=\u00bbon\u00bb button_text_color=\u00bb#FFFFFF\u00bb button_bg_color=\u00bb#E09900&#8243; button_border_radius=\u00bb37px\u00bb border_radii=\u00bbon|2px|2px|2px|2px\u00bb border_color_top=\u00bb#E09900&#8243; global_colors_info=\u00bb{}\u00bb]<\/p>\n<p>NOTICIAS \/ EVENTOS Y PROMOCIONES DE NUESTRA INSTITUCI\u00d3N Y LA CULTURA VENEZOLANA.<\/p>\n<p>[\/et_pb_cta][\/et_pb_column][\/et_pb_section][et_pb_section fb_built=\u00bb1&#8243; admin_label=\u00bbFooter\u00bb _builder_version=\u00bb4.16&#8243; background_image=\u00bbhttps:\/\/www.consermuca.edu.ve\/demo\/wp-content\/uploads\/2022\/03\/jess-watters-483666-unsplash.jpg\u00bb parallax=\u00bbon\u00bb custom_margin=\u00bb|||\u00bb custom_padding=\u00bb|||\u00bb global_colors_info=\u00bb{}\u00bb][et_pb_row column_structure=\u00bb1_4,1_4,1_2&#8243; use_custom_gutter=\u00bbon\u00bb gutter_width=\u00bb2&#8243; make_equal=\u00bbon\u00bb _builder_version=\u00bb4.16&#8243; custom_padding=\u00bb|||\u00bb animation_style=\u00bbfade\u00bb border_radii=\u00bbon|10px|10px|10px|10px\u00bb global_colors_info=\u00bb{}\u00bb][et_pb_column type=\u00bb1_4&#8243; _builder_version=\u00bb4.16&#8243; custom_padding=\u00bb|||\u00bb global_colors_info=\u00bb{}\u00bb custom_padding__hover=\u00bb|||\u00bb][et_pb_number_counter title=\u00bbEgresados\u00bb number=\u00bb2932&#8243; percent_sign=\u00bboff\u00bb _builder_version=\u00bb4.27.4&#8243; title_font=\u00bbRubik|700||on|||||\u00bb title_text_color=\u00bb#ffffff\u00bb title_font_size=\u00bb14px\u00bb title_letter_spacing=\u00bb5px\u00bb title_line_height=\u00bb1.5em\u00bb number_font=\u00bbCabin Sketch|500|||||||\u00bb number_text_color=\u00bb#ffffff\u00bb number_font_size=\u00bb46px\u00bb number_line_height=\u00bb100px\u00bb background_color=\u00bb#00a8ec\u00bb text_orientation=\u00bbleft\u00bb background_layout=\u00bbdark\u00bb custom_padding=\u00bb50px|25px|15px|25px|false|true\u00bb hover_enabled=\u00bb0&#8243; border_radii=\u00bbon|10px|10px|10px|10px\u00bb global_colors_info=\u00bb{}\u00bb sticky_enabled=\u00bb0&#8243;][\/et_pb_number_counter][et_pb_number_counter title=\u00bbAgrupaciones\u00bb number=\u00bb9&#8243; percent_sign=\u00bboff\u00bb _builder_version=\u00bb4.27.4&#8243; title_font=\u00bbRubik|700||on|||||\u00bb title_text_color=\u00bb#ffffff\u00bb title_font_size=\u00bb14px\u00bb title_letter_spacing=\u00bb5px\u00bb title_line_height=\u00bb1.5em\u00bb number_font=\u00bbCabin Sketch|500|||||||\u00bb number_text_color=\u00bb#ffffff\u00bb number_font_size=\u00bb46px\u00bb number_line_height=\u00bb100px\u00bb background_color=\u00bb#eb880e\u00bb text_orientation=\u00bbleft\u00bb background_layout=\u00bbdark\u00bb custom_margin=\u00bb30px|||\u00bb custom_margin_last_edited=\u00bboff|desktop\u00bb custom_padding=\u00bb50px|25px|15px|25px|false|true\u00bb hover_enabled=\u00bb0&#8243; border_radii=\u00bbon|10px|10px|10px|10px\u00bb global_colors_info=\u00bb{}\u00bb sticky_enabled=\u00bb0&#8243;][\/et_pb_number_counter][\/et_pb_column][et_pb_column type=\u00bb1_4&#8243; _builder_version=\u00bb4.16&#8243; custom_padding=\u00bb|||\u00bb global_colors_info=\u00bb{}\u00bb custom_padding__hover=\u00bb|||\u00bb][et_pb_number_counter title=\u00bbTrayectoria (a\u00f1os)\u00bb number=\u00bb35&#8243; percent_sign=\u00bboff\u00bb _builder_version=\u00bb4.24.2&#8243; title_font=\u00bbRubik|700||on|||||\u00bb title_text_color=\u00bb#ffffff\u00bb title_font_size=\u00bb14px\u00bb title_letter_spacing=\u00bb5px\u00bb title_line_height=\u00bb1.5em\u00bb number_font=\u00bbCabin Sketch|500|||||||\u00bb number_text_color=\u00bb#ffffff\u00bb number_font_size=\u00bb46px\u00bb number_line_height=\u00bb100px\u00bb background_color=\u00bb#df0024&#8243; text_orientation=\u00bbleft\u00bb background_layout=\u00bbdark\u00bb custom_padding=\u00bb50px|25px|15px|25px|false|true\u00bb border_radii=\u00bbon|10px|10px|10px|10px\u00bb global_colors_info=\u00bb{}\u00bb][\/et_pb_number_counter][et_pb_number_counter title=\u00bbConciertos\u00bb number=\u00bb560&#8243; percent_sign=\u00bboff\u00bb _builder_version=\u00bb4.27.4&#8243; title_font=\u00bbRubik|700||on|||||\u00bb title_text_color=\u00bb#ffffff\u00bb title_font_size=\u00bb14px\u00bb title_letter_spacing=\u00bb5px\u00bb title_line_height=\u00bb1.5em\u00bb number_font=\u00bbCabin Sketch|500|||||||\u00bb number_text_color=\u00bb#ffffff\u00bb number_font_size=\u00bb46px\u00bb number_line_height=\u00bb100px\u00bb background_color=\u00bb#009f3c\u00bb text_orientation=\u00bbleft\u00bb background_layout=\u00bbdark\u00bb custom_margin=\u00bb30px|||\u00bb custom_padding=\u00bb50px|25px|15px|25px|false|true\u00bb hover_enabled=\u00bb0&#8243; border_radii=\u00bbon|10px|10px|10px|10px\u00bb global_colors_info=\u00bb{}\u00bb sticky_enabled=\u00bb0&#8243;][\/et_pb_number_counter][\/et_pb_column][et_pb_column type=\u00bb1_2&#8243; _builder_version=\u00bb4.16&#8243; custom_padding=\u00bb|||\u00bb global_colors_info=\u00bb{}\u00bb custom_padding__hover=\u00bb|||\u00bb][et_pb_cta title=\u00bbEstamos a un click \u00bb button_url=\u00bbhttps:\/\/wa.me\/message\/EL23DXQKXRDPI1&#8243; button_text=\u00bbCont\u00e1ctanos \u00bb _builder_version=\u00bb4.16&#8243; header_font=\u00bbRubik|700|||||||\u00bb header_font_size=\u00bb40px\u00bb header_line_height=\u00bb1.4em\u00bb body_font=\u00bbRubik||||||||\u00bb body_line_height=\u00bb2em\u00bb background_color=\u00bb#ffffff\u00bb custom_button=\u00bbon\u00bb button_text_size=\u00bb16px\u00bb button_text_color=\u00bb#ffffff\u00bb button_bg_color=\u00bb#7f5aff\u00bb button_border_width=\u00bb10px\u00bb button_border_color=\u00bbrgba(65,65,144,0)\u00bb button_border_radius=\u00bb70px\u00bb button_font=\u00bbRubik|700|||||||\u00bb button_use_icon=\u00bboff\u00bb text_orientation=\u00bbleft\u00bb background_layout=\u00bblight\u00bb max_width_last_edited=\u00bboff|desktop\u00bb module_alignment=\u00bbright\u00bb custom_margin=\u00bb|||\u00bb custom_padding=\u00bb64px|60px|64px|60px|true\u00bb header_font_size_tablet=\u00bb\u00bb header_font_size_phone=\u00bb30px\u00bb header_font_size_last_edited=\u00bbon|phone\u00bb body_line_height_last_edited=\u00bboff|desktop\u00bb border_radii=\u00bbon|10px|10px|10px|10px\u00bb button_text_color_hover=\u00bb#ffffff\u00bb button_border_radius_hover=\u00bb70px\u00bb button_bg_color_hover=\u00bb#9577ff\u00bb global_colors_info=\u00bb{}\u00bb button_text_size__hover_enabled=\u00bboff\u00bb button_one_text_size__hover_enabled=\u00bboff\u00bb button_two_text_size__hover_enabled=\u00bboff\u00bb button_text_color__hover_enabled=\u00bbon\u00bb button_text_color__hover=\u00bb#ffffff\u00bb button_one_text_color__hover_enabled=\u00bboff\u00bb button_two_text_color__hover_enabled=\u00bboff\u00bb button_border_width__hover_enabled=\u00bboff\u00bb button_one_border_width__hover_enabled=\u00bboff\u00bb button_two_border_width__hover_enabled=\u00bboff\u00bb button_border_color__hover_enabled=\u00bboff\u00bb button_one_border_color__hover_enabled=\u00bboff\u00bb button_two_border_color__hover_enabled=\u00bboff\u00bb button_border_radius__hover_enabled=\u00bbon\u00bb button_border_radius__hover=\u00bb70px\u00bb button_one_border_radius__hover_enabled=\u00bboff\u00bb button_two_border_radius__hover_enabled=\u00bboff\u00bb button_letter_spacing__hover_enabled=\u00bboff\u00bb button_one_letter_spacing__hover_enabled=\u00bboff\u00bb button_two_letter_spacing__hover_enabled=\u00bboff\u00bb button_bg_color__hover_enabled=\u00bbon\u00bb button_bg_color__hover=\u00bb#9577ff\u00bb button_one_bg_color__hover_enabled=\u00bboff\u00bb button_two_bg_color__hover_enabled=\u00bboff\u00bb]<\/p>\n<p><strong>Direcci\u00f3n:<\/strong> Urb. El recreo Norte, final Av. Urdaneta, casa 93, Valencia, Edo. Carabobo.<\/p>\n<p><strong>Tel\u00e9fono:<\/strong> (+58) 4244070893<\/p>\n<p><strong>Email:<\/strong> <a href=\"mailto:consermuca@gmail.com\">consermuca@gmail.com<\/a>\u00a0<\/p>\n<p><strong>Horario de Atenci\u00f3n:<\/strong> L-V: 9:00 a.m &#8211; 4:00 pm<\/p>\n<p>[\/et_pb_cta][\/et_pb_column][\/et_pb_row][\/et_pb_section]<\/p>\n","protected":false},"excerpt":{"rendered":"<p>NOTICIAS \/ EVENTOS Y PROMOCIONES DE NUESTRA INSTITUCI\u00d3N Y LA CULTURA VENEZOLANA.Direcci\u00f3n: Urb. El recreo Norte, final Av. Urdaneta, casa 93, Valencia, Edo. Carabobo. Tel\u00e9fono: (+58) 4244070893 Email: consermuca@gmail.com\u00a0 Horario de Atenci\u00f3n: L-V: 9:00 a.m &#8211; 4:00 pm<\/p>\n","protected":false},"author":2,"featured_media":0,"parent":0,"menu_order":0,"comment_status":"closed","ping_status":"closed","template":"","meta":{"_et_pb_use_builder":"on","_et_pb_old_content":"","_et_gb_content_width":"","footnotes":""},"class_list":["post-994","page","type-page","status-publish","hentry"],"_links":{"self":[{"href":"https:\/\/www.consermuca.edu.ve\/conservatorio-de-musica-de-carabobo\/wp-json\/wp\/v2\/pages\/994","targetHints":{"allow":["GET"]}}],"collection":[{"href":"https:\/\/www.consermuca.edu.ve\/conservatorio-de-musica-de-carabobo\/wp-json\/wp\/v2\/pages"}],"about":[{"href":"https:\/\/www.consermuca.edu.ve\/conservatorio-de-musica-de-carabobo\/wp-json\/wp\/v2\/types\/page"}],"author":[{"embeddable":true,"href":"https:\/\/www.consermuca.edu.ve\/conservatorio-de-musica-de-carabobo\/wp-json\/wp\/v2\/users\/2"}],"replies":[{"embeddable":true,"href":"https:\/\/www.consermuca.edu.ve\/conservatorio-de-musica-de-carabobo\/wp-json\/wp\/v2\/comments?post=994"}],"version-history":[{"count":17,"href":"https:\/\/www.consermuca.edu.ve\/conservatorio-de-musica-de-carabobo\/wp-json\/wp\/v2\/pages\/994\/revisions"}],"predecessor-version":[{"id":1694,"href":"https:\/\/www.consermuca.edu.ve\/conservatorio-de-musica-de-carabobo\/wp-json\/wp\/v2\/pages\/994\/revisions\/1694"}],"wp:attachment":[{"href":"https:\/\/www.consermuca.edu.ve\/conservatorio-de-musica-de-carabobo\/wp-json\/wp\/v2\/media?parent=994"}],"curies":[{"name":"wp","href":"https:\/\/api.w.org\/{rel}","templated":true}]}}